{"id":4312,"date":"2025-01-03T11:32:27","date_gmt":"2025-01-03T11:32:27","guid":{"rendered":"https:\/\/plasticfibre.com\/?post_type=product&#038;p=4312"},"modified":"2025-03-05T08:08:14","modified_gmt":"2025-03-05T08:08:14","slug":"ecoster-pet","status":"publish","type":"product","link":"https:\/\/plasticfibre.com\/?product=ecoster-pet","title":{"rendered":"<div class=\"notranslate\">Ecoster: PET<\/div>"},"content":{"rendered":"<p>Fibra ecologica molto versatile e consigliabile per molte applicazioni grazie al buon ritorno ed alle sue caratteristiche tecniche. L\u2019elasticit\u00e0, il ritorno, la non igroscopicit\u00e0, la lavorabilit\u00e0 e l\u2019opacit\u00e0 ottenibile grazie a rivoluzionarie tecniche di trasformazione e additivazione, rendono ECOSTER il sostituto ideale delle setole e del crine animale in settori che vanno dalla spazzoleria fine al pennello. La sua ottima resistenza al calore ed il buon rapporto qualit\u00e0-prezzo, sono elementi fondamentali per tutte le applicazioni tecniche dove garantisce eccellenti performances.<\/p>\n","protected":false},"excerpt":{"rendered":"<p>Fibra ecologica molto versatile e consigliabile per molte applicazioni grazie al buon ritorno ed alle sue caratteristiche tecniche. L\u2019elasticit\u00e0, il ritorno, la non igroscopicit\u00e0, la lavorabilit\u00e0 e l\u2019opacit\u00e0 ottenibile grazie a rivoluzionarie tecniche di trasformazione e additivazione, rendono ECOSTER il sostituto ideale delle setole e del crine animale in settori che vanno dalla spazzoleria fine [&hellip;]<\/p>\n","protected":false},"featured_media":1888,"template":"","meta":[],"product_cat":[183,184,186,190,191,192,193,195,197,198,201,205],"product_tag":[],"class_list":{"0":"post-4312","1":"product","2":"type-product","3":"status-publish","4":"has-post-thumbnail","6":"product_cat-senza-categoria","7":"product_cat-01-lava-biberon","8":"product_cat-03-lavastoviglie","9":"product_cat-07-ragnatori","10":"product_cat-08-scope-per-esterni","11":"product_cat-09-scope-per-interni","12":"product_cat-10-scope-per-moquette","13":"product_cat-12-spazzole-con-paletta","14":"product_cat-14-spazzole-abiti","15":"product_cat-15-spazzole-scarpe","16":"product_cat-18-pennelli-e-pennellesse","17":"product_cat-22-rulli-pulitrici-meccaniche","19":"first","20":"instock","21":"shipping-taxable","22":"product-type-simple"},"_links":{"self":[{"href":"https:\/\/plasticfibre.com\/index.php?rest_route=\/wp\/v2\/product\/4312","targetHints":{"allow":["GET"]}}],"collection":[{"href":"https:\/\/plasticfibre.com\/index.php?rest_route=\/wp\/v2\/product"}],"about":[{"href":"https:\/\/plasticfibre.com\/index.php?rest_route=\/wp\/v2\/types\/product"}],"wp:featuredmedia":[{"embeddable":true,"href":"https:\/\/plasticfibre.com\/index.php?rest_route=\/wp\/v2\/media\/1888"}],"wp:attachment":[{"href":"https:\/\/plasticfibre.com\/index.php?rest_route=%2Fwp%2Fv2%2Fmedia&parent=4312"}],"wp:term":[{"taxonomy":"product_cat","embeddable":true,"href":"https:\/\/plasticfibre.com\/index.php?rest_route=%2Fwp%2Fv2%2Fproduct_cat&post=4312"},{"taxonomy":"product_tag","embeddable":true,"href":"https:\/\/plasticfibre.com\/index.php?rest_route=%2Fwp%2Fv2%2Fproduct_tag&post=4312"}],"curies":[{"name":"wp","href":"https:\/\/api.w.org\/{rel}","templated":true}]}}